{"id":548,"date":"2025-10-27T03:14:38","date_gmt":"2025-10-27T03:14:38","guid":{"rendered":"https:\/\/relaxing-sauna.com\/about-us\/"},"modified":"2025-11-01T04:31:28","modified_gmt":"2025-11-01T04:31:28","slug":"about-us","status":"publish","type":"page","link":"https:\/\/relaxing-sauna.com\/de\/about-us\/","title":{"rendered":"\u00dcber uns"},"content":{"rendered":"<div data-elementor-type=\"wp-page\" data-elementor-id=\"548\" class=\"elementor elementor-548\" data-elementor-post-type=\"page\">\n\t\t\t\t<div class=\"elementor-element elementor-element-576916f e-flex e-con-boxed e-con e-parent\" data-id=\"576916f\" data-element_type=\"container\" data-settings=\"{&quot;background_background&quot;:&quot;classic&quot;}\">\n\t\t\t\t\t<div class=\"e-con-inner\">\n\t\t<div class=\"elementor-element elementor-element-9dbd73e e-con-full e-flex e-con e-child\" data-id=\"9dbd73e\" data-element_type=\"container\">\n\t\t\t\t<div class=\"elementor-element elementor-element-b4ad8cf elementor-widget elementor-widget-heading\" data-id=\"b4ad8cf\" data-element_type=\"widget\" data-widget_type=\"heading.default\">\n\t\t\t\t<div class=\"elementor-widget-container\">\n\t\t\t\t\t<h1 class=\"elementor-heading-title elementor-size-default\">\u00dcber uns<\/h1>\t\t\t\t<\/div>\n\t\t\t\t<\/div>\n\t\t\t\t<\/div>\n\t\t\t\t\t<\/div>\n\t\t\t\t<\/div>\n\t\t\t\t<section class=\"elementor-section elementor-top-section elementor-element elementor-element-2viettm elementor-section-content-middle elementor-section-boxed elementor-section-height-default elementor-section-height-default\" data-id=\"2viettm\" data-element_type=\"section\" data-settings=\"{&quot;background_background&quot;:&quot;classic&quot;}\">\n\t\t\t\t\t\t\t<div class=\"elementor-background-overlay\"><\/div>\n\t\t\t\t\t\t\t<div class=\"elementor-container elementor-column-gap-no\">\n\t\t\t\t\t<div class=\"elementor-column elementor-col-50 elementor-top-column elementor-element elementor-element-5fcceb3\" data-id=\"5fcceb3\" data-element_type=\"column\">\n\t\t\t<div class=\"elementor-widget-wrap elementor-element-populated\">\n\t\t\t\t\t\t<div class=\"elementor-element elementor-element-1726a4d elementor-widget elementor-widget-image\" data-id=\"1726a4d\" data-element_type=\"widget\" data-widget_type=\"image.default\">\n\t\t\t\t<div class=\"elementor-widget-container\">\n\t\t\t\t\t\t\t\t\t\t\t\t\t\t\t<img fetchpriority=\"high\" decoding=\"async\" width=\"465\" height=\"542\" src=\"https:\/\/relaxing-sauna.com\/wp-content\/uploads\/2025\/10\/222.webp\" class=\"attachment-full size-full wp-image-1021\" alt=\"\" srcset=\"https:\/\/relaxing-sauna.com\/wp-content\/uploads\/2025\/10\/222.webp 465w, https:\/\/relaxing-sauna.com\/wp-content\/uploads\/2025\/10\/222-257x300.webp 257w, https:\/\/relaxing-sauna.com\/wp-content\/uploads\/2025\/10\/222-10x12.webp 10w\" sizes=\"(max-width: 465px) 100vw, 465px\" \/>\t\t\t\t\t\t\t\t\t\t\t\t\t\t\t<\/div>\n\t\t\t\t<\/div>\n\t\t\t\t\t<\/div>\n\t\t<\/div>\n\t\t\t\t<div class=\"elementor-column elementor-col-50 elementor-top-column elementor-element elementor-element-04229e9\" data-id=\"04229e9\" data-element_type=\"column\">\n\t\t\t<div class=\"elementor-widget-wrap elementor-element-populated\">\n\t\t\t\t\t\t<div class=\"elementor-element elementor-element-bdb5955 elementor-widget elementor-widget-heading\" data-id=\"bdb5955\" data-element_type=\"widget\" data-widget_type=\"heading.default\">\n\t\t\t\t<div class=\"elementor-widget-container\">\n\t\t\t\t\t<h4 class=\"elementor-heading-title elementor-size-default\">Guangdong Luhua Partition Wall Technology Co, Ltd.<\/h4>\t\t\t\t<\/div>\n\t\t\t\t<\/div>\n\t\t\t\t<div class=\"elementor-element elementor-element-b1bbbe1 elementor-widget elementor-widget-text-editor\" data-id=\"b1bbbe1\" data-element_type=\"widget\" data-widget_type=\"text-editor.default\">\n\t\t\t\t<div class=\"elementor-widget-container\">\n\t\t\t\t\t\t\t\t\t<p>Luhua Partition ist seit 15 Jahren in der Branche t\u00e4tig und ist sich der uneinheitlichen Qualit\u00e4t, der weit verbreiteten Plagiate und der fehlenden Kundendienstgarantie, die den Kunden negative Erfahrungen bescheren k\u00f6nnen, durchaus bewusst. Luhua Partition h\u00e4lt sich an die Unternehmensmission der kontinuierlichen Innovation, der Wertsteigerung und der Schaffung einer vollst\u00e4ndigen Palette von Produkten der Trennwandtechnologie, die die Benutzer zufrieden stellen. Mit einem Team, das st\u00e4ndig forscht und hart arbeitet, hat Luhua Partition zwei Produktions- und Forschungszentren in Foshan, Guangdong, und Taiyuan, Shanxi, sowie mehrere Vertriebsniederlassungen auf Provinzebene in Foshan, Zhengzhou, Shaanxi, Shanxi, der Inneren Mongolei, Gansu, Qinghai, Ningxia und anderen Orten eingerichtet.<\/p>\t\t\t\t\t\t\t\t<\/div>\n\t\t\t\t<\/div>\n\t\t\t\t\t<\/div>\n\t\t<\/div>\n\t\t\t\t\t<\/div>\n\t\t<\/section>\n\t\t<div class=\"elementor-element elementor-element-cbb8d19 e-flex e-con-boxed e-con e-parent\" data-id=\"cbb8d19\" data-element_type=\"container\">\n\t\t\t\t\t<div class=\"e-con-inner\">\n\t\t\t\t<div class=\"elementor-element elementor-element-daba245 elementor-widget elementor-widget-heading\" data-id=\"daba245\" data-element_type=\"widget\" data-widget_type=\"heading.default\">\n\t\t\t\t<div class=\"elementor-widget-container\">\n\t\t\t\t\t<h2 class=\"elementor-heading-title elementor-size-default\">Schaukasten<\/h2>\t\t\t\t<\/div>\n\t\t\t\t<\/div>\n\t\t\t\t<div class=\"elementor-element elementor-element-df62e99 elementor-grid-4 elementor-grid-tablet-2 elementor-grid-mobile-1 elementor-widget elementor-widget-loop-grid\" data-id=\"df62e99\" data-element_type=\"widget\" data-settings=\"{&quot;template_id&quot;:625,&quot;columns&quot;:4,&quot;_skin&quot;:&quot;post&quot;,&quot;columns_tablet&quot;:&quot;2&quot;,&quot;columns_mobile&quot;:&quot;1&quot;,&quot;edit_handle_selector&quot;:&quot;[data-elementor-type=\\&quot;loop-item\\&quot;]&quot;,&quot;row_gap&quot;:{&quot;unit&quot;:&quot;px&quot;,&quot;size&quot;:&quot;&quot;,&quot;sizes&quot;:[]},&quot;row_gap_tablet&quot;:{&quot;unit&quot;:&quot;px&quot;,&quot;size&quot;:&quot;&quot;,&quot;sizes&quot;:[]},&quot;row_gap_mobile&quot;:{&quot;unit&quot;:&quot;px&quot;,&quot;size&quot;:&quot;&quot;,&quot;sizes&quot;:[]}}\" data-widget_type=\"loop-grid.post\">\n\t\t\t\t<div class=\"elementor-widget-container\">\n\t\t\t\t\t\t\t<div class=\"elementor-loop-container elementor-grid\">\n\t\t<style id=\"loop-625\">.elementor-625 .elementor-element.elementor-element-23134f3{--display:flex;--min-height:0px;--flex-direction:column;--container-widget-width:100%;--container-widget-height:initial;--container-widget-flex-grow:0;--container-widget-align-self:initial;--flex-wrap-mobile:wrap;border-style:solid;--border-style:solid;border-width:1px 1px 1px 1px;--border-top-width:1px;--border-right-width:1px;--border-bottom-width:1px;--border-left-width:1px;border-color:#E6E2E2;--border-color:#E6E2E2;--border-radius:2px 2px 2px 2px;--padding-top:9px;--padding-bottom:31px;--padding-left:12px;--padding-right:12px;}.elementor-625 .elementor-element.elementor-element-f74c9c5 img{height:308px;border-radius:4px 4px 4px 4px;}.elementor-625 .elementor-element.elementor-element-9684428 > .elementor-widget-container{padding:11px 0px 0px 0px;}.elementor-625 .elementor-element.elementor-element-9684428{text-align:center;}.elementor-625 .elementor-element.elementor-element-9684428 .elementor-heading-title{font-family:\"Arial\", Sans-serif;font-size:15px;font-weight:100;text-transform:capitalize;text-decoration:none;}<\/style>\t\t<div data-elementor-type=\"loop-item\" data-elementor-id=\"625\" class=\"elementor elementor-625 e-loop-item e-loop-item-1212 post-1212 post type-post status-publish format-standard has-post-thumbnail hentry category-case-showcase\" data-elementor-post-type=\"elementor_library\" data-custom-edit-handle=\"1\">\n\t\t\t<div class=\"elementor-element elementor-element-23134f3 e-flex e-con-boxed e-con e-parent\" data-id=\"23134f3\" data-element_type=\"container\">\n\t\t\t\t\t<div class=\"e-con-inner\">\n\t\t\t\t<div class=\"elementor-element elementor-element-f74c9c5 elementor-widget elementor-widget-theme-post-featured-image elementor-widget-image\" data-id=\"f74c9c5\" data-element_type=\"widget\" data-widget_type=\"theme-post-featured-image.default\">\n\t\t\t\t<div class=\"elementor-widget-container\">\n\t\t\t\t\t\t\t\t\t\t\t\t\t\t\t<img decoding=\"async\" width=\"280\" height=\"280\" src=\"https:\/\/relaxing-sauna.com\/wp-content\/uploads\/2025\/10\/11-1.jpg\" class=\"attachment-large size-large wp-image-1101\" alt=\"\" srcset=\"https:\/\/relaxing-sauna.com\/wp-content\/uploads\/2025\/10\/11-1.jpg 280w, https:\/\/relaxing-sauna.com\/wp-content\/uploads\/2025\/10\/11-1-150x150.jpg 150w, https:\/\/relaxing-sauna.com\/wp-content\/uploads\/2025\/10\/11-1-12x12.jpg 12w, https:\/\/relaxing-sauna.com\/wp-content\/uploads\/2025\/10\/11-1-100x100.jpg 100w\" sizes=\"(max-width: 280px) 100vw, 280px\" \/>\t\t\t\t\t\t\t\t\t\t\t\t\t\t\t<\/div>\n\t\t\t\t<\/div>\n\t\t\t\t<div class=\"elementor-element elementor-element-9684428 elementor-widget elementor-widget-theme-post-title elementor-page-title elementor-widget-heading\" data-id=\"9684428\" data-element_type=\"widget\" data-widget_type=\"theme-post-title.default\">\n\t\t\t\t<div class=\"elementor-widget-container\">\n\t\t\t\t\t<h6 class=\"elementor-heading-title elementor-size-default\"><a href=\"https:\/\/relaxing-sauna.com\/de\/steaming-regardless-of-age-you-are-worth-having\/\">Dampfen unabh\u00e4ngig vom Alter, du bist es wert, dass man dich hat<\/a><\/h6>\t\t\t\t<\/div>\n\t\t\t\t<\/div>\n\t\t\t\t\t<\/div>\n\t\t\t\t<\/div>\n\t\t\t\t<\/div>\n\t\t\t\t<div data-elementor-type=\"loop-item\" data-elementor-id=\"625\" class=\"elementor elementor-625 e-loop-item e-loop-item-865 post-865 post type-post status-publish format-standard has-post-thumbnail hentry category-news\" data-elementor-post-type=\"elementor_library\" data-custom-edit-handle=\"1\">\n\t\t\t<div class=\"elementor-element elementor-element-23134f3 e-flex e-con-boxed e-con e-parent\" data-id=\"23134f3\" data-element_type=\"container\">\n\t\t\t\t\t<div class=\"e-con-inner\">\n\t\t\t\t<div class=\"elementor-element elementor-element-f74c9c5 elementor-widget elementor-widget-theme-post-featured-image elementor-widget-image\" data-id=\"f74c9c5\" data-element_type=\"widget\" data-widget_type=\"theme-post-featured-image.default\">\n\t\t\t\t<div class=\"elementor-widget-container\">\n\t\t\t\t\t\t\t\t\t\t\t\t\t\t\t<img decoding=\"async\" width=\"280\" height=\"280\" src=\"https:\/\/relaxing-sauna.com\/wp-content\/uploads\/2025\/10\/14-1.jpg\" class=\"attachment-large size-large wp-image-1104\" alt=\"\" srcset=\"https:\/\/relaxing-sauna.com\/wp-content\/uploads\/2025\/10\/14-1.jpg 280w, https:\/\/relaxing-sauna.com\/wp-content\/uploads\/2025\/10\/14-1-150x150.jpg 150w, https:\/\/relaxing-sauna.com\/wp-content\/uploads\/2025\/10\/14-1-12x12.jpg 12w, https:\/\/relaxing-sauna.com\/wp-content\/uploads\/2025\/10\/14-1-100x100.jpg 100w\" sizes=\"(max-width: 280px) 100vw, 280px\" \/>\t\t\t\t\t\t\t\t\t\t\t\t\t\t\t<\/div>\n\t\t\t\t<\/div>\n\t\t\t\t<div class=\"elementor-element elementor-element-9684428 elementor-widget elementor-widget-theme-post-title elementor-page-title elementor-widget-heading\" data-id=\"9684428\" data-element_type=\"widget\" data-widget_type=\"theme-post-title.default\">\n\t\t\t\t<div class=\"elementor-widget-container\">\n\t\t\t\t\t<h6 class=\"elementor-heading-title elementor-size-default\"><a href=\"https:\/\/relaxing-sauna.com\/de\/satisfied-feedback-from-our-lsrael-client\/\">Zufriedenes Feedback von unserem israelischen Kunden.<\/a><\/h6>\t\t\t\t<\/div>\n\t\t\t\t<\/div>\n\t\t\t\t\t<\/div>\n\t\t\t\t<\/div>\n\t\t\t\t<\/div>\n\t\t\t\t<div data-elementor-type=\"loop-item\" data-elementor-id=\"625\" class=\"elementor elementor-625 e-loop-item e-loop-item-862 post-862 post type-post status-publish format-standard has-post-thumbnail hentry category-news\" data-elementor-post-type=\"elementor_library\" data-custom-edit-handle=\"1\">\n\t\t\t<div class=\"elementor-element elementor-element-23134f3 e-flex e-con-boxed e-con e-parent\" data-id=\"23134f3\" data-element_type=\"container\">\n\t\t\t\t\t<div class=\"e-con-inner\">\n\t\t\t\t<div class=\"elementor-element elementor-element-f74c9c5 elementor-widget elementor-widget-theme-post-featured-image elementor-widget-image\" data-id=\"f74c9c5\" data-element_type=\"widget\" data-widget_type=\"theme-post-featured-image.default\">\n\t\t\t\t<div class=\"elementor-widget-container\">\n\t\t\t\t\t\t\t\t\t\t\t\t\t\t\t<img loading=\"lazy\" decoding=\"async\" width=\"280\" height=\"280\" src=\"https:\/\/relaxing-sauna.com\/wp-content\/uploads\/2025\/10\/10-1.jpg\" class=\"attachment-large size-large wp-image-1100\" alt=\"\" srcset=\"https:\/\/relaxing-sauna.com\/wp-content\/uploads\/2025\/10\/10-1.jpg 280w, https:\/\/relaxing-sauna.com\/wp-content\/uploads\/2025\/10\/10-1-150x150.jpg 150w, https:\/\/relaxing-sauna.com\/wp-content\/uploads\/2025\/10\/10-1-12x12.jpg 12w, https:\/\/relaxing-sauna.com\/wp-content\/uploads\/2025\/10\/10-1-100x100.jpg 100w\" sizes=\"(max-width: 280px) 100vw, 280px\" \/>\t\t\t\t\t\t\t\t\t\t\t\t\t\t\t<\/div>\n\t\t\t\t<\/div>\n\t\t\t\t<div class=\"elementor-element elementor-element-9684428 elementor-widget elementor-widget-theme-post-title elementor-page-title elementor-widget-heading\" data-id=\"9684428\" data-element_type=\"widget\" data-widget_type=\"theme-post-title.default\">\n\t\t\t\t<div class=\"elementor-widget-container\">\n\t\t\t\t\t<h6 class=\"elementor-heading-title elementor-size-default\"><a href=\"https:\/\/relaxing-sauna.com\/de\/%e9%99%86%e5%8d%8e%e7%8e%bb%e7%92%83%e9%9a%94%e6%96%ad\/\">Warum wird das Dampfen immer beliebter?<\/a><\/h6>\t\t\t\t<\/div>\n\t\t\t\t<\/div>\n\t\t\t\t\t<\/div>\n\t\t\t\t<\/div>\n\t\t\t\t<\/div>\n\t\t\t\t<div data-elementor-type=\"loop-item\" data-elementor-id=\"625\" class=\"elementor elementor-625 e-loop-item e-loop-item-804 post-804 post type-post status-publish format-standard has-post-thumbnail hentry category-news\" data-elementor-post-type=\"elementor_library\" data-custom-edit-handle=\"1\">\n\t\t\t<div class=\"elementor-element elementor-element-23134f3 e-flex e-con-boxed e-con e-parent\" data-id=\"23134f3\" data-element_type=\"container\">\n\t\t\t\t\t<div class=\"e-con-inner\">\n\t\t\t\t<div class=\"elementor-element elementor-element-f74c9c5 elementor-widget elementor-widget-theme-post-featured-image elementor-widget-image\" data-id=\"f74c9c5\" data-element_type=\"widget\" data-widget_type=\"theme-post-featured-image.default\">\n\t\t\t\t<div class=\"elementor-widget-container\">\n\t\t\t\t\t\t\t\t\t\t\t\t\t\t\t<img loading=\"lazy\" decoding=\"async\" width=\"280\" height=\"280\" src=\"https:\/\/relaxing-sauna.com\/wp-content\/uploads\/2025\/10\/8-1.jpg\" class=\"attachment-large size-large wp-image-1098\" alt=\"\" srcset=\"https:\/\/relaxing-sauna.com\/wp-content\/uploads\/2025\/10\/8-1.jpg 280w, https:\/\/relaxing-sauna.com\/wp-content\/uploads\/2025\/10\/8-1-150x150.jpg 150w, https:\/\/relaxing-sauna.com\/wp-content\/uploads\/2025\/10\/8-1-12x12.jpg 12w, https:\/\/relaxing-sauna.com\/wp-content\/uploads\/2025\/10\/8-1-100x100.jpg 100w\" sizes=\"(max-width: 280px) 100vw, 280px\" \/>\t\t\t\t\t\t\t\t\t\t\t\t\t\t\t<\/div>\n\t\t\t\t<\/div>\n\t\t\t\t<div class=\"elementor-element elementor-element-9684428 elementor-widget elementor-widget-theme-post-title elementor-page-title elementor-widget-heading\" data-id=\"9684428\" data-element_type=\"widget\" data-widget_type=\"theme-post-title.default\">\n\t\t\t\t<div class=\"elementor-widget-container\">\n\t\t\t\t\t<h6 class=\"elementor-heading-title elementor-size-default\"><a href=\"https:\/\/relaxing-sauna.com\/de\/%e8%87%aa%e5%b7%b1%e6%b7%bb%e5%8a%a0%e6%96%87%e7%ab%a0\/\">\u81ea\u5df1\u6dfb\u52a0\u6587\u7ae0Spoga Cologne - Willkommen auf unserem Stand 3.2-F079<\/a><\/h6>\t\t\t\t<\/div>\n\t\t\t\t<\/div>\n\t\t\t\t\t<\/div>\n\t\t\t\t<\/div>\n\t\t\t\t<\/div>\n\t\t\t\t<\/div>\n\t\t\n\t\t\t\t\t\t<\/div>\n\t\t\t\t<\/div>\n\t\t\t\t\t<\/div>\n\t\t\t\t<\/div>\n\t\t\t\t<\/div>","protected":false},"excerpt":{"rendered":"<p>About [&hellip;]<\/p>","protected":false},"author":1,"featured_media":0,"parent":0,"menu_order":3,"comment_status":"closed","ping_status":"closed","template":"","meta":{"site-sidebar-layout":"no-sidebar","site-content-layout":"","ast-site-content-layout":"full-width-container","site-content-style":"default","site-sidebar-style":"default","ast-global-header-display":"","ast-banner-title-visibility":"","ast-main-header-display":"","ast-hfb-above-header-display":"","ast-hfb-below-header-display":"","ast-hfb-mobile-header-display":"","site-post-title":"disabled","ast-breadcrumbs-content":"","ast-featured-img":"disabled","footer-sml-layout":"","theme-transparent-header-meta":"enabled","adv-header-id-meta":"","stick-header-meta":"","header-above-stick-meta":"","header-main-stick-meta":"","header-below-stick-meta":"","astra-migrate-meta-layouts":"default","ast-page-background-enabled":"default","ast-page-background-meta":{"desktop":{"background-color":"var(--ast-global-color-4)","background-image":"","background-repeat":"repeat","background-position":"center center","background-size":"auto","background-attachment":"scroll","background-type":"","background-media":"","overlay-type":"","overlay-color":"","overlay-gradient":""},"tablet":{"background-color":"","background-image":"","background-repeat":"repeat","background-position":"center center","background-size":"auto","background-attachment":"scroll","background-type":"","background-media":"","overlay-type":"","overlay-color":"","overlay-gradient":""},"mobile":{"background-color":"","background-image":"","background-repeat":"repeat","background-position":"center center","background-size":"auto","background-attachment":"scroll","background-type":"","background-media":"","overlay-type":"","overlay-color":"","overlay-gradient":""}},"ast-content-background-meta":{"desktop":{"background-color":"var(--ast-global-color-5)","background-image":"","background-repeat":"repeat","background-position":"center center","background-size":"auto","background-attachment":"scroll","background-type":"","background-media":"","overlay-type":"","overlay-color":"","overlay-gradient":""},"tablet":{"background-color":"var(--ast-global-color-5)","background-image":"","background-repeat":"repeat","background-position":"center center","background-size":"auto","background-attachment":"scroll","background-type":"","background-media":"","overlay-type":"","overlay-color":"","overlay-gradient":""},"mobile":{"background-color":"var(--ast-global-color-5)","background-image":"","background-repeat":"repeat","background-position":"center center","background-size":"auto","background-attachment":"scroll","background-type":"","background-media":"","overlay-type":"","overlay-color":"","overlay-gradient":""}},"footnotes":""},"class_list":["post-548","page","type-page","status-publish","hentry"],"_links":{"self":[{"href":"https:\/\/relaxing-sauna.com\/de\/wp-json\/wp\/v2\/pages\/548","targetHints":{"allow":["GET"]}}],"collection":[{"href":"https:\/\/relaxing-sauna.com\/de\/wp-json\/wp\/v2\/pages"}],"about":[{"href":"https:\/\/relaxing-sauna.com\/de\/wp-json\/wp\/v2\/types\/page"}],"author":[{"embeddable":true,"href":"https:\/\/relaxing-sauna.com\/de\/wp-json\/wp\/v2\/users\/1"}],"replies":[{"embeddable":true,"href":"https:\/\/relaxing-sauna.com\/de\/wp-json\/wp\/v2\/comments?post=548"}],"version-history":[{"count":21,"href":"https:\/\/relaxing-sauna.com\/de\/wp-json\/wp\/v2\/pages\/548\/revisions"}],"predecessor-version":[{"id":1228,"href":"https:\/\/relaxing-sauna.com\/de\/wp-json\/wp\/v2\/pages\/548\/revisions\/1228"}],"wp:attachment":[{"href":"https:\/\/relaxing-sauna.com\/de\/wp-json\/wp\/v2\/media?parent=548"}],"curies":[{"name":"wp","href":"https:\/\/api.w.org\/{rel}","templated":true}]}}