{"id":177,"date":"2025-10-27T03:14:38","date_gmt":"2025-10-27T03:14:38","guid":{"rendered":"https:\/\/relaxing-sauna.com\/product\/relaxed-fit-joggers\/"},"modified":"2025-11-01T06:30:24","modified_gmt":"2025-11-01T06:30:24","slug":"relaxed-fit-joggers","status":"publish","type":"product","link":"https:\/\/relaxing-sauna.com\/de\/produkt\/relaxed-fit-joggers\/","title":{"rendered":"Jogger in lockerer Passform"},"content":{"rendered":"<p>Entspannen Sie sich in Komfort, ohne auf Stil zu verzichten - mit unserer Relaxed Fit Jogger. Diese Jogger sind sowohl f\u00fcr die Freizeit als auch f\u00fcr einen aktiven Lebensstil geeignet und definieren den Casual Chic neu. Das weiche, atmungsaktive Material und die entspannte Silhouette bieten ein unvergleichliches Ma\u00df an Leichtigkeit, wodurch sie sich perfekt zum Faulenzen zu Hause oder f\u00fcr ein Abenteuer unterwegs eignen. Unsere vielseitigen und m\u00fchelos coolen Relaxed Fit-Jogger vereinen Komfort und Mode und sorgen daf\u00fcr, dass Sie sich entspannt f\u00fchlen und m\u00fchelos stilvoll aussehen, egal zu welchem Anlass.<\/p>","protected":false},"excerpt":{"rendered":"<p>Das weiche, atmungsaktive Material und die entspannte Silhouette bieten ein unvergleichliches Ma\u00df an Bequemlichkeit, so dass sie sich perfekt zum Faulenzen zu Hause oder f\u00fcr ein Abenteuer unterwegs eignen. Unsere vielseitigen und m\u00fchelos coolen Relaxed Fit Jogger vereinen Komfort und Mode und sorgen daf\u00fcr, dass Sie sich entspannt f\u00fchlen und m\u00fchelos stilvoll aussehen, egal zu welchem Anlass.<\/p>","protected":false},"featured_media":1102,"template":"","meta":{"site-sidebar-layout":"default","site-content-layout":"","ast-site-content-layout":"default","site-content-style":"default","site-sidebar-style":"default","ast-global-header-display":"","ast-banner-title-visibility":"","ast-main-header-display":"","ast-hfb-above-header-display":"","ast-hfb-below-header-display":"","ast-hfb-mobile-header-display":"","site-post-title":"","ast-breadcrumbs-content":"","ast-featured-img":"","footer-sml-layout":"","theme-transparent-header-meta":"default","adv-header-id-meta":"","stick-header-meta":"default","header-above-stick-meta":"","header-main-stick-meta":"","header-below-stick-meta":"","astra-migrate-meta-layouts":"set","ast-page-background-enabled":"default","ast-page-background-meta":{"desktop":{"background-color":"var(--ast-global-color-4)","background-image":"","background-repeat":"repeat","background-position":"center center","background-size":"auto","background-attachment":"scroll","background-type":"","background-media":"","overlay-type":"","overlay-color":"","overlay-gradient":""},"tablet":{"background-color":"","background-image":"","background-repeat":"repeat","background-position":"center center","background-size":"auto","background-attachment":"scroll","background-type":"","background-media":"","overlay-type":"","overlay-color":"","overlay-gradient":""},"mobile":{"background-color":"","background-image":"","background-repeat":"repeat","background-position":"center center","background-size":"auto","background-attachment":"scroll","background-type":"","background-media":"","overlay-type":"","overlay-color":"","overlay-gradient":""}},"ast-content-background-meta":{"desktop":{"background-color":"var(--ast-global-color-5)","background-image":"","background-repeat":"repeat","background-position":"center center","background-size":"auto","background-attachment":"scroll","background-type":"","background-media":"","overlay-type":"","overlay-color":"","overlay-gradient":""},"tablet":{"background-color":"var(--ast-global-color-5)","background-image":"","background-repeat":"repeat","background-position":"center center","background-size":"auto","background-attachment":"scroll","background-type":"","background-media":"","overlay-type":"","overlay-color":"","overlay-gradient":""},"mobile":{"background-color":"var(--ast-global-color-5)","background-image":"","background-repeat":"repeat","background-position":"center center","background-size":"auto","background-attachment":"scroll","background-type":"","background-media":"","overlay-type":"","overlay-color":"","overlay-gradient":""}}},"product_brand":[],"product_cat":[33],"product_tag":[],"class_list":{"0":"post-177","1":"product","2":"type-product","3":"status-publish","4":"has-post-thumbnail","6":"product_cat-combination-bio-sauna","7":"desktop-align-center","8":"tablet-align-center","9":"mobile-align-center","10":"ast-product-gallery-layout-horizontal-slider","11":"ast-product-tabs-layout-horizontal","13":"first","14":"instock","15":"shipping-taxable","16":"purchasable","17":"product-type-simple"},"_links":{"self":[{"href":"https:\/\/relaxing-sauna.com\/de\/wp-json\/wp\/v2\/product\/177","targetHints":{"allow":["GET"]}}],"collection":[{"href":"https:\/\/relaxing-sauna.com\/de\/wp-json\/wp\/v2\/product"}],"about":[{"href":"https:\/\/relaxing-sauna.com\/de\/wp-json\/wp\/v2\/types\/product"}],"wp:featuredmedia":[{"embeddable":true,"href":"https:\/\/relaxing-sauna.com\/de\/wp-json\/wp\/v2\/media\/1102"}],"wp:attachment":[{"href":"https:\/\/relaxing-sauna.com\/de\/wp-json\/wp\/v2\/media?parent=177"}],"wp:term":[{"taxonomy":"product_brand","embeddable":true,"href":"https:\/\/relaxing-sauna.com\/de\/wp-json\/wp\/v2\/product_brand?post=177"},{"taxonomy":"product_cat","embeddable":true,"href":"https:\/\/relaxing-sauna.com\/de\/wp-json\/wp\/v2\/product_cat?post=177"},{"taxonomy":"product_tag","embeddable":true,"href":"https:\/\/relaxing-sauna.com\/de\/wp-json\/wp\/v2\/product_tag?post=177"}],"curies":[{"name":"wp","href":"https:\/\/api.w.org\/{rel}","templated":true}]}}